{"id":6,"date":"2018-06-25T16:16:38","date_gmt":"2018-06-25T16:16:38","guid":{"rendered":"http:\/\/demo.athemes.com\/atu-startup\/?page_id=6"},"modified":"2024-12-13T17:24:30","modified_gmt":"2024-12-13T17:24:30","slug":"home","status":"publish","type":"page","link":"https:\/\/grosiktaxi.pl\/grosiknowa\/","title":{"rendered":"Home"},"content":{"rendered":"\t\t<div data-elementor-type=\"wp-post\" data-elementor-id=\"6\" class=\"elementor elementor-6\">\n\t\t\t\t\t\t<main class=\"elementor-section elementor-top-section elementor-element elementor-element-65a92bb9 elementor-section-height-full elementor-section-content-middle elementor-section-boxed elementor-section-height-default elementor-section-items-middle\" data-id=\"65a92bb9\" data-element_type=\"section\" id=\"main\" data-settings=\"{&quot;background_background&quot;:&quot;classic&quot;}\">\n\t\t\t\t\t\t\t<div class=\"elementor-background-overlay\"><\/div>\n\t\t\t\t\t\t\t<div class=\"elementor-container elementor-column-gap-default\">\n\t\t\t\t\t<div class=\"elementor-column elementor-col-50 elementor-top-column elementor-element elementor-element-ae8a79\" data-id=\"ae8a79\" data-element_type=\"column\">\n\t\t\t<div class=\"elementor-widget-wrap elementor-element-populated\">\n\t\t\t\t\t\t<div class=\"elementor-element elementor-element-57c7e4d elementor-widget elementor-widget-heading\" data-id=\"57c7e4d\" data-element_type=\"widget\" data-widget_type=\"heading.default\">\n\t\t\t\t<div class=\"elementor-widget-container\">\n\t\t\t\t\t<h6 class=\"elementor-heading-title elementor-size-default\">Grosik Taxi<\/h6>\t\t\t\t<\/div>\n\t\t\t\t<\/div>\n\t\t\t\t<div class=\"elementor-element elementor-element-f7a17b8 elementor-widget elementor-widget-heading\" data-id=\"f7a17b8\" data-element_type=\"widget\" data-widget_type=\"heading.default\">\n\t\t\t\t<div class=\"elementor-widget-container\">\n\t\t\t\t\t<h6 class=\"elementor-heading-title elementor-size-default\"><b>22 6464646<\/b><\/h6>\t\t\t\t<\/div>\n\t\t\t\t<\/div>\n\t\t\t\t<div class=\"elementor-element elementor-element-1924bb9 elementor-widget elementor-widget-text-editor\" data-id=\"1924bb9\" data-element_type=\"widget\" data-widget_type=\"text-editor.default\">\n\t\t\t\t<div class=\"elementor-widget-container\">\n\t\t\t\t\t\t\t\t\t<p style=\"text-align: left;\">Darmowa aplikacja Grosik Taxi dla urz\u0105dze\u0144 z systemem Android i iOS\u00a0dost\u0119pna jest do \u015bci\u0105gni\u0119cia w sklepach Google Play i App Store.<\/p><p style=\"text-align: left;\">Kliknij w poni\u017cszy link, aby otworzy\u0107 stron\u0119 sklepu.<\/p>\t\t\t\t\t\t\t\t<\/div>\n\t\t\t\t<\/div>\n\t\t\t\t<div class=\"elementor-element elementor-element-b3151f0 elementor-widget elementor-widget-image\" data-id=\"b3151f0\" data-element_type=\"widget\" data-widget_type=\"image.default\">\n\t\t\t\t<div class=\"elementor-widget-container\">\n\t\t\t\t\t\t\t\t\t\t\t\t\t\t\t\t<a href=\"https:\/\/play.google.com\/store\/apps\/details?id=pl.grosiktaxi.app\">\n\t\t\t\t\t\t\t<img decoding=\"async\" width=\"300\" height=\"88\" src=\"https:\/\/grosiktaxi.pl\/grosiknowa\/wp-content\/uploads\/2019\/09\/play-300x88.png\" class=\"attachment-medium size-medium wp-image-267\" alt=\"\" srcset=\"https:\/\/grosiktaxi.pl\/grosiknowa\/wp-content\/uploads\/2019\/09\/play-300x88.png 300w, https:\/\/grosiktaxi.pl\/grosiknowa\/wp-content\/uploads\/2019\/09\/play-768x226.png 768w, https:\/\/grosiktaxi.pl\/grosiknowa\/wp-content\/uploads\/2019\/09\/play-720x212.png 720w, https:\/\/grosiktaxi.pl\/grosiknowa\/wp-content\/uploads\/2019\/09\/play.png 800w\" sizes=\"(max-width: 300px) 100vw, 300px\" \/>\t\t\t\t\t\t\t\t<\/a>\n\t\t\t\t\t\t\t\t\t\t\t\t\t\t\t<\/div>\n\t\t\t\t<\/div>\n\t\t\t\t<div class=\"elementor-element elementor-element-347a462 elementor-widget elementor-widget-image\" data-id=\"347a462\" data-element_type=\"widget\" data-widget_type=\"image.default\">\n\t\t\t\t<div class=\"elementor-widget-container\">\n\t\t\t\t\t\t\t\t\t\t\t\t\t\t\t\t<a href=\"https:\/\/apps.apple.com\/pl\/app\/grosik-taxi\/id1475664903\">\n\t\t\t\t\t\t\t<img decoding=\"async\" width=\"300\" height=\"88\" src=\"https:\/\/grosiktaxi.pl\/grosiknowa\/wp-content\/uploads\/2019\/09\/apple-1-300x88.png\" class=\"attachment-medium size-medium wp-image-266\" alt=\"\" srcset=\"https:\/\/grosiktaxi.pl\/grosiknowa\/wp-content\/uploads\/2019\/09\/apple-1-300x88.png 300w, https:\/\/grosiktaxi.pl\/grosiknowa\/wp-content\/uploads\/2019\/09\/apple-1-768x226.png 768w, https:\/\/grosiktaxi.pl\/grosiknowa\/wp-content\/uploads\/2019\/09\/apple-1-720x212.png 720w, https:\/\/grosiktaxi.pl\/grosiknowa\/wp-content\/uploads\/2019\/09\/apple-1.png 800w\" sizes=\"(max-width: 300px) 100vw, 300px\" \/>\t\t\t\t\t\t\t\t<\/a>\n\t\t\t\t\t\t\t\t\t\t\t\t\t\t\t<\/div>\n\t\t\t\t<\/div>\n\t\t\t\t\t<\/div>\n\t\t<\/div>\n\t\t\t\t<div class=\"elementor-column elementor-col-50 elementor-top-column elementor-element elementor-element-c0c00d3\" data-id=\"c0c00d3\" data-element_type=\"column\">\n\t\t\t<div class=\"elementor-widget-wrap elementor-element-populated\">\n\t\t\t\t\t\t<div class=\"elementor-element elementor-element-f46eb3e elementor-widget elementor-widget-image\" data-id=\"f46eb3e\" data-element_type=\"widget\" data-widget_type=\"image.default\">\n\t\t\t\t<div class=\"elementor-widget-container\">\n\t\t\t\t\t\t\t\t\t\t\t\t\t\t\t<img decoding=\"async\" src=\"https:\/\/grosiktaxi.pl\/grosiknowa\/wp-content\/uploads\/elementor\/thumbs\/tel-3-png-1-odaax0k7diuepta91qhx7wkdlcwrwn36oqk1u6nsw0.png\" title=\"tel-3-png\" alt=\"tel-3-png\" loading=\"lazy\" \/>\t\t\t\t\t\t\t\t\t\t\t\t\t\t\t<\/div>\n\t\t\t\t<\/div>\n\t\t\t\t\t<\/div>\n\t\t<\/div>\n\t\t\t\t\t<\/div>\n\t\t<\/main>\n\t\t\t\t<section class=\"elementor-section elementor-top-section elementor-element elementor-element-1b500a3 elementor-section-boxed elementor-section-height-default elementor-section-height-default\" data-id=\"1b500a3\" data-element_type=\"section\" data-settings=\"{&quot;background_background&quot;:&quot;classic&quot;}\">\n\t\t\t\t\t\t<div class=\"elementor-container elementor-column-gap-default\">\n\t\t\t\t\t<div class=\"elementor-column elementor-col-50 elementor-top-column elementor-element elementor-element-1d6368f\" data-id=\"1d6368f\" data-element_type=\"column\">\n\t\t\t<div class=\"elementor-widget-wrap elementor-element-populated\">\n\t\t\t\t\t\t<div class=\"elementor-element elementor-element-2316561 elementor-widget elementor-widget-heading\" data-id=\"2316561\" data-element_type=\"widget\" data-widget_type=\"heading.default\">\n\t\t\t\t<div class=\"elementor-widget-container\">\n\t\t\t\t\t<h2 class=\"elementor-heading-title elementor-size-default\">Aplikacja dla urz\u0105dze\u0144<br>z systemem Android <br>lub iOS<\/h2>\t\t\t\t<\/div>\n\t\t\t\t<\/div>\n\t\t\t\t<div class=\"elementor-element elementor-element-d9b3177 elementor-widget elementor-widget-heading\" data-id=\"d9b3177\" data-element_type=\"widget\" data-widget_type=\"heading.default\">\n\t\t\t\t<div class=\"elementor-widget-container\">\n\t\t\t\t\t<h2 class=\"elementor-heading-title elementor-size-default\">Bezp\u0142atna<br>Precyzyjna<br>Zawsze pod r\u0119k\u0105<br>Zawsze szybciej<\/h2>\t\t\t\t<\/div>\n\t\t\t\t<\/div>\n\t\t\t\t\t<\/div>\n\t\t<\/div>\n\t\t\t\t<div class=\"elementor-column elementor-col-50 elementor-top-column elementor-element elementor-element-1f4e509\" data-id=\"1f4e509\" data-element_type=\"column\">\n\t\t\t<div class=\"elementor-widget-wrap elementor-element-populated\">\n\t\t\t\t\t\t<div class=\"elementor-element elementor-element-507dd55d elementor-widget elementor-widget-image\" data-id=\"507dd55d\" data-element_type=\"widget\" data-widget_type=\"image.default\">\n\t\t\t\t<div class=\"elementor-widget-container\">\n\t\t\t\t\t\t\t\t\t\t\t\t\t\t\t<img fetchpriority=\"high\" decoding=\"async\" width=\"1024\" height=\"768\" src=\"https:\/\/grosiktaxi.pl\/grosiknowa\/wp-content\/uploads\/2019\/01\/tel-1024x768.jpg\" class=\"attachment-large size-large wp-image-185\" alt=\"\" srcset=\"https:\/\/grosiktaxi.pl\/grosiknowa\/wp-content\/uploads\/2019\/01\/tel-1024x768.jpg 1024w, https:\/\/grosiktaxi.pl\/grosiknowa\/wp-content\/uploads\/2019\/01\/tel-300x225.jpg 300w, https:\/\/grosiktaxi.pl\/grosiknowa\/wp-content\/uploads\/2019\/01\/tel-768x576.jpg 768w, https:\/\/grosiktaxi.pl\/grosiknowa\/wp-content\/uploads\/2019\/01\/tel-720x540.jpg 720w, https:\/\/grosiktaxi.pl\/grosiknowa\/wp-content\/uploads\/2019\/01\/tel.jpg 1440w\" sizes=\"(max-width: 1024px) 100vw, 1024px\" \/>\t\t\t\t\t\t\t\t\t\t\t\t\t\t\t<\/div>\n\t\t\t\t<\/div>\n\t\t\t\t\t<\/div>\n\t\t<\/div>\n\t\t\t\t\t<\/div>\n\t\t<\/section>\n\t\t\t\t<section class=\"elementor-section elementor-top-section elementor-element elementor-element-4d12033 elementor-section-boxed elementor-section-height-default elementor-section-height-default\" data-id=\"4d12033\" data-element_type=\"section\" data-settings=\"{&quot;background_background&quot;:&quot;classic&quot;}\">\n\t\t\t\t\t\t<div class=\"elementor-container elementor-column-gap-default\">\n\t\t\t\t\t<div class=\"elementor-column elementor-col-100 elementor-top-column elementor-element elementor-element-a7f9e8f\" data-id=\"a7f9e8f\" data-element_type=\"column\">\n\t\t\t<div class=\"elementor-widget-wrap elementor-element-populated\">\n\t\t\t\t\t\t<div class=\"elementor-element elementor-element-98e54b4 elementor-widget elementor-widget-heading\" data-id=\"98e54b4\" data-element_type=\"widget\" data-widget_type=\"heading.default\">\n\t\t\t\t<div class=\"elementor-widget-container\">\n\t\t\t\t\t<h2 class=\"elementor-heading-title elementor-size-default\">Galeria<\/h2>\t\t\t\t<\/div>\n\t\t\t\t<\/div>\n\t\t\t\t<div class=\"elementor-element elementor-element-f8106d1 gallery-spacing-custom elementor-widget elementor-widget-image-gallery\" data-id=\"f8106d1\" data-element_type=\"widget\" data-widget_type=\"image-gallery.default\">\n\t\t\t\t<div class=\"elementor-widget-container\">\n\t\t\t\t\t\t\t<div class=\"elementor-image-gallery\">\n\t\t\t<div id='gallery-1' class='gallery galleryid-6 gallery-columns-7 gallery-size-thumbnail'><figure class='gallery-item'>\n\t\t\t<div class='gallery-icon portrait'>\n\t\t\t\t<a data-elementor-open-lightbox=\"yes\" data-elementor-lightbox-slideshow=\"f8106d1\" data-elementor-lightbox-title=\"ekran startowy\" data-e-action-hash=\"#elementor-action%3Aaction%3Dlightbox%26settings%3DeyJpZCI6MjE3LCJ1cmwiOiJodHRwczpcL1wvZ3Jvc2lrdGF4aS5wbFwvZ3Jvc2lrbm93YVwvd3AtY29udGVudFwvdXBsb2Fkc1wvMjAxOVwvMDFcL2VrcmFuLXN0YXJ0b3d5LmpwZyIsInNsaWRlc2hvdyI6ImY4MTA2ZDEifQ%3D%3D\" href='https:\/\/grosiktaxi.pl\/grosiknowa\/wp-content\/uploads\/2019\/01\/ekran-startowy.jpg'><img loading=\"lazy\" decoding=\"async\" width=\"150\" height=\"150\" src=\"https:\/\/grosiktaxi.pl\/grosiknowa\/wp-content\/uploads\/2019\/01\/ekran-startowy-150x150.jpg\" class=\"attachment-thumbnail size-thumbnail\" alt=\"\" srcset=\"https:\/\/grosiktaxi.pl\/grosiknowa\/wp-content\/uploads\/2019\/01\/ekran-startowy-150x150.jpg 150w, https:\/\/grosiktaxi.pl\/grosiknowa\/wp-content\/uploads\/2019\/01\/ekran-startowy-360x360.jpg 360w\" sizes=\"(max-width: 150px) 100vw, 150px\" \/><\/a>\n\t\t\t<\/div><\/figure><figure class='gallery-item'>\n\t\t\t<div class='gallery-icon portrait'>\n\t\t\t\t<a data-elementor-open-lightbox=\"yes\" data-elementor-lightbox-slideshow=\"f8106d1\" data-elementor-lightbox-title=\"mapa\" data-e-action-hash=\"#elementor-action%3Aaction%3Dlightbox%26settings%3DeyJpZCI6MjE4LCJ1cmwiOiJodHRwczpcL1wvZ3Jvc2lrdGF4aS5wbFwvZ3Jvc2lrbm93YVwvd3AtY29udGVudFwvdXBsb2Fkc1wvMjAxOVwvMDFcL21hcGEuanBnIiwic2xpZGVzaG93IjoiZjgxMDZkMSJ9\" href='https:\/\/grosiktaxi.pl\/grosiknowa\/wp-content\/uploads\/2019\/01\/mapa.jpg'><img loading=\"lazy\" decoding=\"async\" width=\"150\" height=\"150\" src=\"https:\/\/grosiktaxi.pl\/grosiknowa\/wp-content\/uploads\/2019\/01\/mapa-150x150.jpg\" class=\"attachment-thumbnail size-thumbnail\" alt=\"\" srcset=\"https:\/\/grosiktaxi.pl\/grosiknowa\/wp-content\/uploads\/2019\/01\/mapa-150x150.jpg 150w, https:\/\/grosiktaxi.pl\/grosiknowa\/wp-content\/uploads\/2019\/01\/mapa-360x360.jpg 360w\" sizes=\"(max-width: 150px) 100vw, 150px\" \/><\/a>\n\t\t\t<\/div><\/figure><figure class='gallery-item'>\n\t\t\t<div class='gallery-icon portrait'>\n\t\t\t\t<a data-elementor-open-lightbox=\"yes\" data-elementor-lightbox-slideshow=\"f8106d1\" data-elementor-lightbox-title=\"menu 3\" data-e-action-hash=\"#elementor-action%3Aaction%3Dlightbox%26settings%3DeyJpZCI6MjE5LCJ1cmwiOiJodHRwczpcL1wvZ3Jvc2lrdGF4aS5wbFwvZ3Jvc2lrbm93YVwvd3AtY29udGVudFwvdXBsb2Fkc1wvMjAxOVwvMDFcL21lbnUtMy5qcGciLCJzbGlkZXNob3ciOiJmODEwNmQxIn0%3D\" href='https:\/\/grosiktaxi.pl\/grosiknowa\/wp-content\/uploads\/2019\/01\/menu-3.jpg'><img loading=\"lazy\" decoding=\"async\" width=\"150\" height=\"150\" src=\"https:\/\/grosiktaxi.pl\/grosiknowa\/wp-content\/uploads\/2019\/01\/menu-3-150x150.jpg\" class=\"attachment-thumbnail size-thumbnail\" alt=\"\" srcset=\"https:\/\/grosiktaxi.pl\/grosiknowa\/wp-content\/uploads\/2019\/01\/menu-3-150x150.jpg 150w, https:\/\/grosiktaxi.pl\/grosiknowa\/wp-content\/uploads\/2019\/01\/menu-3-360x360.jpg 360w\" sizes=\"(max-width: 150px) 100vw, 150px\" \/><\/a>\n\t\t\t<\/div><\/figure><figure class='gallery-item'>\n\t\t\t<div class='gallery-icon portrait'>\n\t\t\t\t<a data-elementor-open-lightbox=\"yes\" data-elementor-lightbox-slideshow=\"f8106d1\" data-elementor-lightbox-title=\"potwierdzenie\" data-e-action-hash=\"#elementor-action%3Aaction%3Dlightbox%26settings%3DeyJpZCI6MjIwLCJ1cmwiOiJodHRwczpcL1wvZ3Jvc2lrdGF4aS5wbFwvZ3Jvc2lrbm93YVwvd3AtY29udGVudFwvdXBsb2Fkc1wvMjAxOVwvMDFcL3BvdHdpZXJkemVuaWUuanBnIiwic2xpZGVzaG93IjoiZjgxMDZkMSJ9\" href='https:\/\/grosiktaxi.pl\/grosiknowa\/wp-content\/uploads\/2019\/01\/potwierdzenie.jpg'><img loading=\"lazy\" decoding=\"async\" width=\"150\" height=\"150\" src=\"https:\/\/grosiktaxi.pl\/grosiknowa\/wp-content\/uploads\/2019\/01\/potwierdzenie-150x150.jpg\" class=\"attachment-thumbnail size-thumbnail\" alt=\"\" srcset=\"https:\/\/grosiktaxi.pl\/grosiknowa\/wp-content\/uploads\/2019\/01\/potwierdzenie-150x150.jpg 150w, https:\/\/grosiktaxi.pl\/grosiknowa\/wp-content\/uploads\/2019\/01\/potwierdzenie-360x360.jpg 360w\" sizes=\"(max-width: 150px) 100vw, 150px\" \/><\/a>\n\t\t\t<\/div><\/figure><figure class='gallery-item'>\n\t\t\t<div class='gallery-icon portrait'>\n\t\t\t\t<a data-elementor-open-lightbox=\"yes\" data-elementor-lightbox-slideshow=\"f8106d1\" data-elementor-lightbox-title=\"czas\" data-e-action-hash=\"#elementor-action%3Aaction%3Dlightbox%26settings%3DeyJpZCI6MjIxLCJ1cmwiOiJodHRwczpcL1wvZ3Jvc2lrdGF4aS5wbFwvZ3Jvc2lrbm93YVwvd3AtY29udGVudFwvdXBsb2Fkc1wvMjAxOVwvMDFcL2N6YXMuanBnIiwic2xpZGVzaG93IjoiZjgxMDZkMSJ9\" href='https:\/\/grosiktaxi.pl\/grosiknowa\/wp-content\/uploads\/2019\/01\/czas.jpg'><img loading=\"lazy\" decoding=\"async\" width=\"150\" height=\"150\" src=\"https:\/\/grosiktaxi.pl\/grosiknowa\/wp-content\/uploads\/2019\/01\/czas-150x150.jpg\" class=\"attachment-thumbnail size-thumbnail\" alt=\"\" srcset=\"https:\/\/grosiktaxi.pl\/grosiknowa\/wp-content\/uploads\/2019\/01\/czas-150x150.jpg 150w, https:\/\/grosiktaxi.pl\/grosiknowa\/wp-content\/uploads\/2019\/01\/czas-360x360.jpg 360w\" sizes=\"(max-width: 150px) 100vw, 150px\" \/><\/a>\n\t\t\t<\/div><\/figure><figure class='gallery-item'>\n\t\t\t<div class='gallery-icon portrait'>\n\t\t\t\t<a data-elementor-open-lightbox=\"yes\" data-elementor-lightbox-slideshow=\"f8106d1\" data-elementor-lightbox-title=\"3\" data-e-action-hash=\"#elementor-action%3Aaction%3Dlightbox%26settings%3DeyJpZCI6MjIzLCJ1cmwiOiJodHRwczpcL1wvZ3Jvc2lrdGF4aS5wbFwvZ3Jvc2lrbm93YVwvd3AtY29udGVudFwvdXBsb2Fkc1wvMjAxOVwvMDFcLzMuanBnIiwic2xpZGVzaG93IjoiZjgxMDZkMSJ9\" href='https:\/\/grosiktaxi.pl\/grosiknowa\/wp-content\/uploads\/2019\/01\/3.jpg'><img loading=\"lazy\" decoding=\"async\" width=\"150\" height=\"150\" src=\"https:\/\/grosiktaxi.pl\/grosiknowa\/wp-content\/uploads\/2019\/01\/3-150x150.jpg\" class=\"attachment-thumbnail size-thumbnail\" alt=\"\" srcset=\"https:\/\/grosiktaxi.pl\/grosiknowa\/wp-content\/uploads\/2019\/01\/3-150x150.jpg 150w, https:\/\/grosiktaxi.pl\/grosiknowa\/wp-content\/uploads\/2019\/01\/3-360x360.jpg 360w\" sizes=\"(max-width: 150px) 100vw, 150px\" \/><\/a>\n\t\t\t<\/div><\/figure><figure class='gallery-item'>\n\t\t\t<div class='gallery-icon portrait'>\n\t\t\t\t<a data-elementor-open-lightbox=\"yes\" data-elementor-lightbox-slideshow=\"f8106d1\" data-elementor-lightbox-title=\"4\" data-e-action-hash=\"#elementor-action%3Aaction%3Dlightbox%26settings%3DeyJpZCI6MjIyLCJ1cmwiOiJodHRwczpcL1wvZ3Jvc2lrdGF4aS5wbFwvZ3Jvc2lrbm93YVwvd3AtY29udGVudFwvdXBsb2Fkc1wvMjAxOVwvMDFcLzQuanBnIiwic2xpZGVzaG93IjoiZjgxMDZkMSJ9\" href='https:\/\/grosiktaxi.pl\/grosiknowa\/wp-content\/uploads\/2019\/01\/4.jpg'><img loading=\"lazy\" decoding=\"async\" width=\"150\" height=\"150\" src=\"https:\/\/grosiktaxi.pl\/grosiknowa\/wp-content\/uploads\/2019\/01\/4-150x150.jpg\" class=\"attachment-thumbnail size-thumbnail\" alt=\"\" srcset=\"https:\/\/grosiktaxi.pl\/grosiknowa\/wp-content\/uploads\/2019\/01\/4-150x150.jpg 150w, https:\/\/grosiktaxi.pl\/grosiknowa\/wp-content\/uploads\/2019\/01\/4-360x360.jpg 360w\" sizes=\"(max-width: 150px) 100vw, 150px\" \/><\/a>\n\t\t\t<\/div><\/figure>\n\t\t<\/div>\n\t\t<\/div>\n\t\t\t\t\t\t<\/div>\n\t\t\t\t<\/div>\n\t\t\t\t\t<\/div>\n\t\t<\/div>\n\t\t\t\t\t<\/div>\n\t\t<\/section>\n\t\t\t\t<section class=\"elementor-section elementor-top-section elementor-element elementor-element-1372b3c elementor-section-boxed elementor-section-height-default elementor-section-height-default\" data-id=\"1372b3c\" data-element_type=\"section\" data-settings=\"{&quot;background_background&quot;:&quot;classic&quot;}\">\n\t\t\t\t\t\t<div class=\"elementor-container elementor-column-gap-default\">\n\t\t\t\t\t<div class=\"elementor-column elementor-col-50 elementor-top-column elementor-element elementor-element-9836064 startup-subscribe-bottom\" data-id=\"9836064\" data-element_type=\"column\">\n\t\t\t<div class=\"elementor-widget-wrap elementor-element-populated\">\n\t\t\t\t\t\t<div class=\"elementor-element elementor-element-3a03b553 elementor-widget elementor-widget-heading\" data-id=\"3a03b553\" data-element_type=\"widget\" data-widget_type=\"heading.default\">\n\t\t\t\t<div class=\"elementor-widget-container\">\n\t\t\t\t\t<h2 class=\"elementor-heading-title elementor-size-default\">Aplikacja <br>dost\u0119pna w sklepach <br>Google Play i App Store<\/h2>\t\t\t\t<\/div>\n\t\t\t\t<\/div>\n\t\t\t\t<div class=\"elementor-element elementor-element-93c98fb elementor-widget elementor-widget-text-editor\" data-id=\"93c98fb\" data-element_type=\"widget\" data-widget_type=\"text-editor.default\">\n\t\t\t\t<div class=\"elementor-widget-container\">\n\t\t\t\t\t\t\t\t\t<p style=\"text-align: left;\">Aplikacja Grosik Taxi dla urz\u0105dze\u0144 z systemem Android i iOS dost\u0119pna jest do \u015bci\u0105gni\u0119cia w sklepach Google Play i App Store.&nbsp;<\/p>\n<p style=\"text-align: left;\">Kliknij w link, aby otworzy\u0107 stron\u0119 sklepu.&nbsp;<\/p>\n<p style=\"text-align: left;\">\n<\/p>\t\t\t\t\t\t\t\t<\/div>\n\t\t\t\t<\/div>\n\t\t\t\t\t<\/div>\n\t\t<\/div>\n\t\t\t\t<div class=\"elementor-column elementor-col-50 elementor-top-column elementor-element elementor-element-1589e69\" data-id=\"1589e69\" data-element_type=\"column\">\n\t\t\t<div class=\"elementor-widget-wrap elementor-element-populated\">\n\t\t\t\t\t\t<div class=\"elementor-element elementor-element-fea475a elementor-widget elementor-widget-image\" data-id=\"fea475a\" data-element_type=\"widget\" data-widget_type=\"image.default\">\n\t\t\t\t<div class=\"elementor-widget-container\">\n\t\t\t\t\t\t\t\t\t\t\t\t\t\t\t\t<a href=\"https:\/\/play.google.com\/store\/apps\/details?id=pl.grosiktaxi.app\">\n\t\t\t\t\t\t\t<img decoding=\"async\" src=\"https:\/\/grosiktaxi.pl\/grosiknowa\/wp-content\/uploads\/2019\/09\/play.png\" title=\"play\" alt=\"play\" loading=\"lazy\" \/>\t\t\t\t\t\t\t\t<\/a>\n\t\t\t\t\t\t\t\t\t\t\t\t\t\t\t<\/div>\n\t\t\t\t<\/div>\n\t\t\t\t<div class=\"elementor-element elementor-element-8772b08 elementor-widget elementor-widget-image\" data-id=\"8772b08\" data-element_type=\"widget\" data-widget_type=\"image.default\">\n\t\t\t\t<div class=\"elementor-widget-container\">\n\t\t\t\t\t\t\t\t\t\t\t\t\t\t\t\t<a href=\"https:\/\/apps.apple.com\/pl\/app\/grosik-taxi\/id1475664903\">\n\t\t\t\t\t\t\t<img decoding=\"async\" src=\"https:\/\/grosiktaxi.pl\/grosiknowa\/wp-content\/uploads\/2019\/09\/apple-1.png\" title=\"apple\" alt=\"apple\" loading=\"lazy\" \/>\t\t\t\t\t\t\t\t<\/a>\n\t\t\t\t\t\t\t\t\t\t\t\t\t\t\t<\/div>\n\t\t\t\t<\/div>\n\t\t\t\t\t<\/div>\n\t\t<\/div>\n\t\t\t\t\t<\/div>\n\t\t<\/section>\n\t\t\t\t<\/div>\n\t\t","protected":false},"excerpt":{"rendered":"<p>Grosik Taxi 22 6464646 Darmowa aplikacja Grosik Taxi dla urz\u0105dze\u0144 z systemem Android i iOS\u00a0dost\u0119pna jest do \u015bci\u0105gni\u0119cia w sklepach [&hellip;]<\/p>\n","protected":false},"author":1,"featured_media":0,"parent":0,"menu_order":0,"comment_status":"closed","ping_status":"closed","template":"page-templates\/template_page-builder.php","meta":{"footnotes":""},"class_list":["post-6","page","type-page","status-publish","hentry"],"_links":{"self":[{"href":"https:\/\/grosiktaxi.pl\/grosiknowa\/index.php?rest_route=\/wp\/v2\/pages\/6","targetHints":{"allow":["GET"]}}],"collection":[{"href":"https:\/\/grosiktaxi.pl\/grosiknowa\/index.php?rest_route=\/wp\/v2\/pages"}],"about":[{"href":"https:\/\/grosiktaxi.pl\/grosiknowa\/index.php?rest_route=\/wp\/v2\/types\/page"}],"author":[{"embeddable":true,"href":"https:\/\/grosiktaxi.pl\/grosiknowa\/index.php?rest_route=\/wp\/v2\/users\/1"}],"replies":[{"embeddable":true,"href":"https:\/\/grosiktaxi.pl\/grosiknowa\/index.php?rest_route=%2Fwp%2Fv2%2Fcomments&post=6"}],"version-history":[{"count":69,"href":"https:\/\/grosiktaxi.pl\/grosiknowa\/index.php?rest_route=\/wp\/v2\/pages\/6\/revisions"}],"predecessor-version":[{"id":425,"href":"https:\/\/grosiktaxi.pl\/grosiknowa\/index.php?rest_route=\/wp\/v2\/pages\/6\/revisions\/425"}],"wp:attachment":[{"href":"https:\/\/grosiktaxi.pl\/grosiknowa\/index.php?rest_route=%2Fwp%2Fv2%2Fmedia&parent=6"}],"curies":[{"name":"wp","href":"https:\/\/api.w.org\/{rel}","templated":true}]}}