{"id":313,"date":"2019-09-15T19:49:42","date_gmt":"2019-09-15T19:49:42","guid":{"rendered":"http:\/\/grosiktaxi.pl\/grosiknowa\/?page_id=313"},"modified":"2025-11-26T17:40:04","modified_gmt":"2025-11-26T17:40:04","slug":"cennik","status":"publish","type":"page","link":"https:\/\/grosiktaxi.pl\/grosiknowa\/?page_id=313","title":{"rendered":"Cennik"},"content":{"rendered":"\t\t<div data-elementor-type=\"wp-post\" data-elementor-id=\"313\" class=\"elementor elementor-313\">\n\t\t\t\t\t\t<section class=\"elementor-section elementor-top-section elementor-element elementor-element-2d8a788 elementor-section-boxed elementor-section-height-default elementor-section-height-default\" data-id=\"2d8a788\" data-element_type=\"section\" data-settings=\"{&quot;background_background&quot;:&quot;classic&quot;}\">\n\t\t\t\t\t\t<div class=\"elementor-container elementor-column-gap-default\">\n\t\t\t\t\t<div class=\"elementor-column elementor-col-100 elementor-top-column elementor-element elementor-element-befd967\" data-id=\"befd967\" data-element_type=\"column\">\n\t\t\t<div class=\"elementor-widget-wrap elementor-element-populated\">\n\t\t\t\t\t\t<div class=\"elementor-element elementor-element-7ad14c2 elementor-widget elementor-widget-heading\" data-id=\"7ad14c2\" data-element_type=\"widget\" data-widget_type=\"heading.default\">\n\t\t\t\t<div class=\"elementor-widget-container\">\n\t\t\t\t\t<h2 class=\"elementor-heading-title elementor-size-default\">Cennik<\/h2>\t\t\t\t<\/div>\n\t\t\t\t<\/div>\n\t\t\t\t<div class=\"elementor-element elementor-element-366423a elementor-widget elementor-widget-toggle\" data-id=\"366423a\" data-element_type=\"widget\" data-widget_type=\"toggle.default\">\n\t\t\t\t<div class=\"elementor-widget-container\">\n\t\t\t\t\t\t\t<div class=\"elementor-toggle\">\n\t\t\t\t\t\t\t<div class=\"elementor-toggle-item\">\n\t\t\t\t\t<div id=\"elementor-tab-title-5701\" class=\"elementor-tab-title\" data-tab=\"1\" role=\"button\" aria-controls=\"elementor-tab-content-5701\" aria-expanded=\"false\">\n\t\t\t\t\t\t\t\t\t\t\t\t<span class=\"elementor-toggle-icon elementor-toggle-icon-left\" aria-hidden=\"true\">\n\t\t\t\t\t\t\t\t\t\t\t\t\t\t\t<i class=\"elementor-toggle-icon-closed fa fa-caret-right\"><\/i>\n\t\t\t\t\t\t\t\t<i class=\"elementor-toggle-icon-opened fa fa-caret-up\"><\/i>\n\t\t\t\t\t\t\t\t\t\t\t\t\t<\/span>\n\t\t\t\t\t\t\t\t\t\t\t\t<a class=\"elementor-toggle-title\" tabindex=\"0\">Cennik us\u0142ug przewozowych obowi\u0105zuj\u0105cy od dnia 23.10.2024<\/a>\n\t\t\t\t\t<\/div>\n\n\t\t\t\t\t<div id=\"elementor-tab-content-5701\" class=\"elementor-tab-content elementor-clearfix\" data-tab=\"1\" role=\"region\" aria-labelledby=\"elementor-tab-title-5701\"><p>Op\u0142ata pocz\u0105tkowa \u2013 10,00 z\u0142<\/p><p>I. Jazda po obszarze miasta Warszawy, w granicach pierwszej strefy, w dni powszednie w godzinach 6:00 \u2013 22:00 \u2013 4,00 z\u0142\/km<br \/>II. Jazda po obszarze miasta Warszawy, w granicach pierwszej strefy, w godzinach 22:00 \u2013 6:00 oraz przez ca\u0142\u0105 dob\u0119 w dni \u015bwi\u0105teczne \u2013 6,00 z\u0142\/km<br \/>III. Jazda poza granicami pierwszej strefy miasta Warszawy w dni powszednie w godzinach 6:00 \u2013 22:00 \u2013 8,00z\u0142\/km<br \/>IV. Jazda poza granicami pierwszej strefy miasta Warszawy w godzinach 22:00 \u2013 6:00 oraz przez ca\u0142\u0105 dob\u0119 w dni \u015bwi\u0105teczne \u2013 9,00 z\u0142\/k<\/p><p><span style=\"background-color: rgba(140, 140, 140, 0);\">Op\u0142ata za godzin\u0119 oczekiwania (postoju) \u2013 50,00 z\u0142\/h<br \/><\/span><span style=\"background-color: rgba(140, 140, 140, 0);\">(podstawowa jednostka rozliczeniowa czasu p\u0142atnego postoju &#8211; 2,00 z\u0142 naliczana co 144 sekund)<\/span><\/p><p><span style=\"background-color: rgba(140, 140, 140, 0);\">Zam\u00f3wienie samochodu typu Kombi (wi\u0119ksza przestrze\u0144 baga\u017cowa) +15,00 z\u0142<br \/><\/span><span style=\"background-color: rgba(140, 140, 140, 0);\">Zam\u00f3wienie samochodu typu MiniVan (przew\u00f3z od 5 do 8 pasa\u017cer\u00f3w) +30,00 z\u0142<br \/><\/span><span style=\"background-color: rgba(140, 140, 140, 0);\">(Niestety nie posiadamy w ofercie autokar\u00f3w- dysponujemy pojazdami do max. 8 pasa\u017cer\u00f3w)<\/span><\/p><\/div>\n\t\t\t\t<\/div>\n\t\t\t\t\t\t\t<div class=\"elementor-toggle-item\">\n\t\t\t\t\t<div id=\"elementor-tab-title-5702\" class=\"elementor-tab-title\" data-tab=\"2\" role=\"button\" aria-controls=\"elementor-tab-content-5702\" aria-expanded=\"false\">\n\t\t\t\t\t\t\t\t\t\t\t\t<span class=\"elementor-toggle-icon elementor-toggle-icon-left\" aria-hidden=\"true\">\n\t\t\t\t\t\t\t\t\t\t\t\t\t\t\t<i class=\"elementor-toggle-icon-closed fa fa-caret-right\"><\/i>\n\t\t\t\t\t\t\t\t<i class=\"elementor-toggle-icon-opened fa fa-caret-up\"><\/i>\n\t\t\t\t\t\t\t\t\t\t\t\t\t<\/span>\n\t\t\t\t\t\t\t\t\t\t\t\t<a class=\"elementor-toggle-title\" tabindex=\"0\">Cennik us\u0142ug przewozowych w ofercie Dla Biznesu obowi\u0105zuj\u0105cy od dnia 23.10.2024<\/a>\n\t\t\t\t\t<\/div>\n\n\t\t\t\t\t<div id=\"elementor-tab-content-5702\" class=\"elementor-tab-content elementor-clearfix\" data-tab=\"2\" role=\"region\" aria-labelledby=\"elementor-tab-title-5702\"><p>Op\u0142ata pocz\u0105tkowa \u2013 10,00 z\u0142<\/p><p>I. Jazda po obszarze miasta Warszawy, w granicach pierwszej strefy, w dni powszednie w godzinach 6:00 \u2013 22:00 \u2013 4,00 z\u0142\/km<br \/>II. Jazda po obszarze miasta Warszawy, w granicach pierwszej strefy, w godzinach 22:00 \u2013 6:00 oraz przez ca\u0142\u0105 dob\u0119 w dni \u015bwi\u0105teczne \u2013 6,00 z\u0142\/km<br \/>III. Jazda poza granicami pierwszej strefy miasta Warszawy w dni powszednie w godzinach 6:00 \u2013 22:00 \u2013 8,00 z\u0142\/km<br \/>IV. Jazda poza granicami pierwszej strefy miasta Warszawy w godzinach 22:00 \u2013 6:00 oraz przez ca\u0142\u0105 dob\u0119 w dni \u015bwi\u0105teczne \u2013 9,00 z\u0142\/km<\/p><p><span style=\"background-color: rgba(140, 140, 140, 0);\">Op\u0142ata za godzin\u0119 oczekiwania (postoju) \u2013 50,00 z\u0142\/h<br \/><\/span><span style=\"background-color: rgba(140, 140, 140, 0);\">(podstawowa jednostka rozliczeniowa czasu p\u0142atnego postoju &#8211; 2,00 z\u0142 naliczana co 144 sekund)<\/span><\/p><p><span style=\"background-color: rgba(140, 140, 140, 0);\">Zam\u00f3wienie samochodu typu Kombi (wi\u0119ksza przestrze\u0144 baga\u017cowa) +15,00 z\u0142<br \/><\/span><span style=\"background-color: rgba(140, 140, 140, 0);\">Zam\u00f3wienie samochodu typu MiniVan (przew\u00f3z od 5 do 8 pasa\u017cer\u00f3w) +30,00 z\u0142<br \/><\/span><span style=\"background-color: rgba(140, 140, 140, 0);\">(Niestety nie posiadamy w ofercie autokar\u00f3w- dysponujemy pojazdami do max. 8 pasa\u017cer\u00f3w)<\/span><\/p><p>Us\u0142uga odbioru go\u015bci z lotniska Chopina (kierowca oczekuj\u0105cy w hali przylot\u00f3w z kartk\u0105 z nazwiskiem go\u015bcia lub okre\u015blonym has\u0142em) +50,00 z\u0142<\/p><p>WSZYSTKIE PODANE CENY S\u0104 CENAMI NETTO (na fakturze naliczany jest podatek VAT \u2013 stawka<br \/>podatku 8%)<\/p><p>Istnieje mo\u017cliwo\u015b\u0107 podstawienia nieoznakowanego samochodu o podwy\u017cszonym standardzie- cena negocjowana jest indywidualnie.<br \/>Istnieje r\u00f3wnie\u017c mo\u017cliwo\u015b\u0107 ustalenia op\u0142at rycza\u0142towych, je\u017celi zechc\u0105 Pa\u0144stwo korzysta\u0107 z przejazd\u00f3w na sta\u0142ych trasach, w okre\u015blone dni i godziny.<\/p><\/div>\n\t\t\t\t<\/div>\n\t\t\t\t\t\t\t\t<\/div>\n\t\t\t\t\t\t<\/div>\n\t\t\t\t<\/div>\n\t\t\t\t\t<\/div>\n\t\t<\/div>\n\t\t\t\t\t<\/div>\n\t\t<\/section>\n\t\t\t\t<section class=\"elementor-section elementor-top-section elementor-element elementor-element-37e0380 elementor-section-boxed elementor-section-height-default elementor-section-height-default\" data-id=\"37e0380\" data-element_type=\"section\" data-settings=\"{&quot;background_background&quot;:&quot;classic&quot;}\">\n\t\t\t\t\t\t<div class=\"elementor-container elementor-column-gap-default\">\n\t\t\t\t\t<div class=\"elementor-column elementor-col-50 elementor-top-column elementor-element elementor-element-d3d6fd5 startup-subscribe-bottom\" data-id=\"d3d6fd5\" data-element_type=\"column\">\n\t\t\t<div class=\"elementor-widget-wrap elementor-element-populated\">\n\t\t\t\t\t\t<div class=\"elementor-element elementor-element-fd7c2ec elementor-widget elementor-widget-heading\" data-id=\"fd7c2ec\" data-element_type=\"widget\" data-widget_type=\"heading.default\">\n\t\t\t\t<div class=\"elementor-widget-container\">\n\t\t\t\t\t<h2 class=\"elementor-heading-title elementor-size-default\">Aplikacja <br>dost\u0119pna w sklepach <br>Google Play i App Store<\/h2>\t\t\t\t<\/div>\n\t\t\t\t<\/div>\n\t\t\t\t<div class=\"elementor-element elementor-element-2476da1 elementor-widget elementor-widget-text-editor\" data-id=\"2476da1\" data-element_type=\"widget\" data-widget_type=\"text-editor.default\">\n\t\t\t\t<div class=\"elementor-widget-container\">\n\t\t\t\t\t\t\t\t\t<p style=\"text-align: left;\">Aplikacja Grosik Taxi dla urz\u0105dze\u0144 z systemem Android i iOS dost\u0119pna jest do \u015bci\u0105gni\u0119cia w sklepach Google Play i App Store.\u00a0<\/p><p style=\"text-align: left;\">Kliknij w link, aby otworzy\u0107 stron\u0119 sklepu.<\/p>\t\t\t\t\t\t\t\t<\/div>\n\t\t\t\t<\/div>\n\t\t\t\t\t<\/div>\n\t\t<\/div>\n\t\t\t\t<div class=\"elementor-column elementor-col-50 elementor-top-column elementor-element elementor-element-0194891\" data-id=\"0194891\" data-element_type=\"column\">\n\t\t\t<div class=\"elementor-widget-wrap elementor-element-populated\">\n\t\t\t\t\t\t<div class=\"elementor-element elementor-element-95c8967 elementor-widget elementor-widget-image\" data-id=\"95c8967\" data-element_type=\"widget\" data-widget_type=\"image.default\">\n\t\t\t\t<div class=\"elementor-widget-container\">\n\t\t\t\t\t\t\t\t\t\t\t\t\t\t\t\t<a href=\"https:\/\/play.google.com\/store\/apps\/details?id=pl.grosiktaxi.app\">\n\t\t\t\t\t\t\t<img decoding=\"async\" src=\"https:\/\/grosiktaxi.pl\/grosiknowa\/wp-content\/uploads\/2019\/09\/play.png\" title=\"play\" alt=\"play\" loading=\"lazy\" \/>\t\t\t\t\t\t\t\t<\/a>\n\t\t\t\t\t\t\t\t\t\t\t\t\t\t\t<\/div>\n\t\t\t\t<\/div>\n\t\t\t\t<div class=\"elementor-element elementor-element-1ddc031 elementor-widget elementor-widget-image\" data-id=\"1ddc031\" data-element_type=\"widget\" data-widget_type=\"image.default\">\n\t\t\t\t<div class=\"elementor-widget-container\">\n\t\t\t\t\t\t\t\t\t\t\t\t\t\t\t\t<a href=\"https:\/\/apps.apple.com\/pl\/app\/grosik-taxi\/id1475664903\">\n\t\t\t\t\t\t\t<img decoding=\"async\" src=\"https:\/\/grosiktaxi.pl\/grosiknowa\/wp-content\/uploads\/2019\/09\/apple-1.png\" title=\"apple\" alt=\"apple\" loading=\"lazy\" \/>\t\t\t\t\t\t\t\t<\/a>\n\t\t\t\t\t\t\t\t\t\t\t\t\t\t\t<\/div>\n\t\t\t\t<\/div>\n\t\t\t\t\t<\/div>\n\t\t<\/div>\n\t\t\t\t\t<\/div>\n\t\t<\/section>\n\t\t\t\t<\/div>\n\t\t","protected":false},"excerpt":{"rendered":"<p>Cennik Cennik us\u0142ug przewozowych obowi\u0105zuj\u0105cy od dnia 23.10.2024 Op\u0142ata pocz\u0105tkowa \u2013 10,00 z\u0142 I. Jazda po obszarze miasta Warszawy, w [&hellip;]<\/p>\n","protected":false},"author":1,"featured_media":0,"parent":0,"menu_order":0,"comment_status":"closed","ping_status":"closed","template":"page-templates\/template_page-builder.php","meta":{"footnotes":""},"class_list":["post-313","page","type-page","status-publish","hentry"],"_links":{"self":[{"href":"https:\/\/grosiktaxi.pl\/grosiknowa\/index.php?rest_route=\/wp\/v2\/pages\/313","targetHints":{"allow":["GET"]}}],"collection":[{"href":"https:\/\/grosiktaxi.pl\/grosiknowa\/index.php?rest_route=\/wp\/v2\/pages"}],"about":[{"href":"https:\/\/grosiktaxi.pl\/grosiknowa\/index.php?rest_route=\/wp\/v2\/types\/page"}],"author":[{"embeddable":true,"href":"https:\/\/grosiktaxi.pl\/grosiknowa\/index.php?rest_route=\/wp\/v2\/users\/1"}],"replies":[{"embeddable":true,"href":"https:\/\/grosiktaxi.pl\/grosiknowa\/index.php?rest_route=%2Fwp%2Fv2%2Fcomments&post=313"}],"version-history":[{"count":32,"href":"https:\/\/grosiktaxi.pl\/grosiknowa\/index.php?rest_route=\/wp\/v2\/pages\/313\/revisions"}],"predecessor-version":[{"id":440,"href":"https:\/\/grosiktaxi.pl\/grosiknowa\/index.php?rest_route=\/wp\/v2\/pages\/313\/revisions\/440"}],"wp:attachment":[{"href":"https:\/\/grosiktaxi.pl\/grosiknowa\/index.php?rest_route=%2Fwp%2Fv2%2Fmedia&parent=313"}],"curies":[{"name":"wp","href":"https:\/\/api.w.org\/{rel}","templated":true}]}}