{"id":290,"date":"2019-09-15T18:59:16","date_gmt":"2019-09-15T18:59:16","guid":{"rendered":"http:\/\/grosiktaxi.pl\/grosiknowa\/?page_id=290"},"modified":"2019-09-17T12:45:48","modified_gmt":"2019-09-17T12:45:48","slug":"praca","status":"publish","type":"page","link":"https:\/\/grosiktaxi.pl\/grosiknowa\/?page_id=290","title":{"rendered":"Praca"},"content":{"rendered":"\t\t<div data-elementor-type=\"wp-post\" data-elementor-id=\"290\" class=\"elementor elementor-290 elementor-bc-flex-widget\">\n\t\t\t\t\t\t<section class=\"elementor-section elementor-top-section elementor-element elementor-element-dbae861 elementor-section-full_width elementor-section-height-default elementor-section-height-default\" data-id=\"dbae861\" data-element_type=\"section\">\n\t\t\t\t\t\t<div class=\"elementor-container elementor-column-gap-default\">\n\t\t\t\t\t<div class=\"elementor-column elementor-col-100 elementor-top-column elementor-element elementor-element-69a786b\" data-id=\"69a786b\" data-element_type=\"column\">\n\t\t\t<div class=\"elementor-widget-wrap\">\n\t\t\t\t\t\t\t<\/div>\n\t\t<\/div>\n\t\t\t\t\t<\/div>\n\t\t<\/section>\n\t\t\t\t<section class=\"elementor-section elementor-top-section elementor-element elementor-element-9e0bd3c elementor-section-boxed elementor-section-height-default elementor-section-height-default\" data-id=\"9e0bd3c\" data-element_type=\"section\" data-settings=\"{&quot;background_background&quot;:&quot;classic&quot;}\">\n\t\t\t\t\t\t<div class=\"elementor-container elementor-column-gap-default\">\n\t\t\t\t\t<div class=\"elementor-column elementor-col-100 elementor-top-column elementor-element elementor-element-7e71543\" data-id=\"7e71543\" data-element_type=\"column\">\n\t\t\t<div class=\"elementor-widget-wrap elementor-element-populated\">\n\t\t\t\t\t\t<div class=\"elementor-element elementor-element-5129056 elementor-widget elementor-widget-heading\" data-id=\"5129056\" data-element_type=\"widget\" data-widget_type=\"heading.default\">\n\t\t\t\t<div class=\"elementor-widget-container\">\n\t\t\t\t\t<h2 class=\"elementor-heading-title elementor-size-default\">Praca<\/h2>\t\t\t\t<\/div>\n\t\t\t\t<\/div>\n\t\t\t\t<div class=\"elementor-element elementor-element-fbdd8ba elementor-widget elementor-widget-text-editor\" data-id=\"fbdd8ba\" data-element_type=\"widget\" data-widget_type=\"text-editor.default\">\n\t\t\t\t<div class=\"elementor-widget-container\">\n\t\t\t\t\t\t\t\t\t<p style=\"text-align: left;\">Aktualnie Prowadzimy Rekrutacj\u0119 na stanowisko:<\/p>\t\t\t\t\t\t\t\t<\/div>\n\t\t\t\t<\/div>\n\t\t\t\t<div class=\"elementor-element elementor-element-cce436c elementor-widget elementor-widget-toggle\" data-id=\"cce436c\" data-element_type=\"widget\" data-widget_type=\"toggle.default\">\n\t\t\t\t<div class=\"elementor-widget-container\">\n\t\t\t\t\t\t\t<div class=\"elementor-toggle\">\n\t\t\t\t\t\t\t<div class=\"elementor-toggle-item\">\n\t\t\t\t\t<div id=\"elementor-tab-title-2141\" class=\"elementor-tab-title\" data-tab=\"1\" role=\"button\" aria-controls=\"elementor-tab-content-2141\" aria-expanded=\"false\">\n\t\t\t\t\t\t\t\t\t\t\t\t<span class=\"elementor-toggle-icon elementor-toggle-icon-left\" aria-hidden=\"true\">\n\t\t\t\t\t\t\t\t\t\t\t\t\t\t\t<i class=\"elementor-toggle-icon-closed fa fa-caret-right\"><\/i>\n\t\t\t\t\t\t\t\t<i class=\"elementor-toggle-icon-opened fa fa-caret-up\"><\/i>\n\t\t\t\t\t\t\t\t\t\t\t\t\t<\/span>\n\t\t\t\t\t\t\t\t\t\t\t\t<a class=\"elementor-toggle-title\" tabindex=\"0\">Operator Centrali Dyspozytorskiej<\/a>\n\t\t\t\t\t<\/div>\n\n\t\t\t\t\t<div id=\"elementor-tab-content-2141\" class=\"elementor-tab-content elementor-clearfix\" data-tab=\"1\" role=\"region\" aria-labelledby=\"elementor-tab-title-2141\"><p>W zwi\u0105zku z dynamicznym rozwojem dzia\u0142u obs\u0142ugi klienta poszukujemy os\u00f3b na w\/w stanowisko. Niniejsz\u0105 ofert\u0119 kierujemy do student\u00f3w i uczni\u00f3w do 26-go roku \u017cycia, jak r\u00f3wnie\u017c os\u00f3b ju\u017c zatrudnionych (umowa o prac\u0119), chc\u0105cych uzyska\u0107 dodatkowy doch\u00f3d (weekendy).<\/p><p>Poszukujemy ludzi operatywnych, energicznych, bez na\u0142og\u00f3w.<\/p><p>Opis stanowiska:<\/p><p>Osoba b\u0119d\u0105c\u0105 cz\u0119\u015bci\u0105 dzia\u0142u obs\u0142ugi Klienta odpowiedzialna jest za telefoniczn\u0105 obs\u0142ug\u0119 zlece\u0144. Praca polega na rejestracji zam\u00f3wie\u0144 nap\u0142ywaj\u0105cych od Klient\u00f3w i wprowadzaniu ich do komputerowej bazy danych. Co wa\u017cne, obs\u0142ugujemy tylko po\u0142\u0105czenia przychodz\u0105ce, nie prowadzimy akwizycji! Centrala dzia\u0142a ca\u0142a dob\u0119, oferujemy dogodne godziny pracy w systemie dwuzmianowym (7-19, 19-7), jak r\u00f3wnie\u017c prace weekendow\u0105.<\/p><p>Od kandydat\u00f3w oczekujemy:<\/p><p>\u2022 wysokiej kultury osobistej<\/p><p>\u2022 swobodnego poruszania si\u0119 w \u015brodowisku Windows<\/p><p>\u2022 ch\u0119ci do pracy, rzetelno\u015bci i pozytywnego nastawienia<\/p><p>Dodatkowym atutem b\u0119dzie podstawowa znajomo\u015b\u0107 topografii Warszawy.<\/p><p>Forma zatrudnienia: umowa zlecenie.<br \/>Osoby zainteresowane prosimy o przes\u0142anie CV na adres: praca@grosiktaxi.pl<\/p><p>Czekamy na Ciebie!<\/p><\/div>\n\t\t\t\t<\/div>\n\t\t\t\t\t\t\t\t<\/div>\n\t\t\t\t\t\t<\/div>\n\t\t\t\t<\/div>\n\t\t\t\t\t<\/div>\n\t\t<\/div>\n\t\t\t\t\t<\/div>\n\t\t<\/section>\n\t\t\t\t<section class=\"elementor-section elementor-top-section elementor-element elementor-element-186c88f elementor-section-boxed elementor-section-height-default elementor-section-height-default\" data-id=\"186c88f\" data-element_type=\"section\" data-settings=\"{&quot;background_background&quot;:&quot;classic&quot;}\">\n\t\t\t\t\t\t<div class=\"elementor-container elementor-column-gap-default\">\n\t\t\t\t\t<div class=\"elementor-column elementor-col-50 elementor-top-column elementor-element elementor-element-bb7cb0d startup-subscribe-bottom\" data-id=\"bb7cb0d\" data-element_type=\"column\" data-settings=\"{&quot;background_background&quot;:&quot;classic&quot;}\">\n\t\t\t<div class=\"elementor-widget-wrap elementor-element-populated\">\n\t\t\t\t\t\t<div class=\"elementor-element elementor-element-01cf28e elementor-widget elementor-widget-heading\" data-id=\"01cf28e\" data-element_type=\"widget\" data-widget_type=\"heading.default\">\n\t\t\t\t<div class=\"elementor-widget-container\">\n\t\t\t\t\t<h2 class=\"elementor-heading-title elementor-size-default\">Aplikacja <br>dost\u0119pna w sklepach <br>Google Play i App Store<\/h2>\t\t\t\t<\/div>\n\t\t\t\t<\/div>\n\t\t\t\t<div class=\"elementor-element elementor-element-1e740b4 elementor-widget elementor-widget-text-editor\" data-id=\"1e740b4\" data-element_type=\"widget\" data-widget_type=\"text-editor.default\">\n\t\t\t\t<div class=\"elementor-widget-container\">\n\t\t\t\t\t\t\t\t\t<p style=\"text-align: left;\">Aplikacja Grosik Taxi dla urz\u0105dze\u0144 z systemem Android i iOS dost\u0119pna jest do \u015bci\u0105gni\u0119cia w sklepach Google Play i App Store.\u00a0<\/p><p style=\"text-align: left;\">Kliknij w link, aby otworzy\u0107 stron\u0119 sklepu.<\/p>\t\t\t\t\t\t\t\t<\/div>\n\t\t\t\t<\/div>\n\t\t\t\t\t<\/div>\n\t\t<\/div>\n\t\t\t\t<div class=\"elementor-column elementor-col-50 elementor-top-column elementor-element elementor-element-f4da5b4\" data-id=\"f4da5b4\" data-element_type=\"column\">\n\t\t\t<div class=\"elementor-widget-wrap elementor-element-populated\">\n\t\t\t\t\t\t<div class=\"elementor-element elementor-element-9dfb1a4 elementor-widget elementor-widget-image\" data-id=\"9dfb1a4\" data-element_type=\"widget\" data-widget_type=\"image.default\">\n\t\t\t\t<div class=\"elementor-widget-container\">\n\t\t\t\t\t\t\t\t\t\t\t\t\t\t\t\t<a href=\"https:\/\/play.google.com\/store\/apps\/details?id=pl.grosiktaxi.app\">\n\t\t\t\t\t\t\t<img decoding=\"async\" src=\"https:\/\/grosiktaxi.pl\/grosiknowa\/wp-content\/uploads\/2019\/09\/play.png\" title=\"play\" alt=\"play\" loading=\"lazy\" \/>\t\t\t\t\t\t\t\t<\/a>\n\t\t\t\t\t\t\t\t\t\t\t\t\t\t\t<\/div>\n\t\t\t\t<\/div>\n\t\t\t\t<div class=\"elementor-element elementor-element-32dc5eb elementor-widget elementor-widget-image\" data-id=\"32dc5eb\" data-element_type=\"widget\" data-widget_type=\"image.default\">\n\t\t\t\t<div class=\"elementor-widget-container\">\n\t\t\t\t\t\t\t\t\t\t\t\t\t\t\t\t<a href=\"https:\/\/apps.apple.com\/pl\/app\/grosik-taxi\/id1475664903\">\n\t\t\t\t\t\t\t<img decoding=\"async\" src=\"https:\/\/grosiktaxi.pl\/grosiknowa\/wp-content\/uploads\/2019\/09\/apple-1.png\" title=\"apple\" alt=\"apple\" loading=\"lazy\" \/>\t\t\t\t\t\t\t\t<\/a>\n\t\t\t\t\t\t\t\t\t\t\t\t\t\t\t<\/div>\n\t\t\t\t<\/div>\n\t\t\t\t\t<\/div>\n\t\t<\/div>\n\t\t\t\t\t<\/div>\n\t\t<\/section>\n\t\t\t\t<\/div>\n\t\t","protected":false},"excerpt":{"rendered":"<p>Praca Aktualnie Prowadzimy Rekrutacj\u0119 na stanowisko: Operator Centrali Dyspozytorskiej W zwi\u0105zku z dynamicznym rozwojem dzia\u0142u obs\u0142ugi klienta poszukujemy os\u00f3b na [&hellip;]<\/p>\n","protected":false},"author":1,"featured_media":0,"parent":0,"menu_order":0,"comment_status":"closed","ping_status":"closed","template":"page-templates\/template_page-builder.php","meta":{"footnotes":""},"class_list":["post-290","page","type-page","status-publish","hentry"],"_links":{"self":[{"href":"https:\/\/grosiktaxi.pl\/grosiknowa\/index.php?rest_route=\/wp\/v2\/pages\/290","targetHints":{"allow":["GET"]}}],"collection":[{"href":"https:\/\/grosiktaxi.pl\/grosiknowa\/index.php?rest_route=\/wp\/v2\/pages"}],"about":[{"href":"https:\/\/grosiktaxi.pl\/grosiknowa\/index.php?rest_route=\/wp\/v2\/types\/page"}],"author":[{"embeddable":true,"href":"https:\/\/grosiktaxi.pl\/grosiknowa\/index.php?rest_route=\/wp\/v2\/users\/1"}],"replies":[{"embeddable":true,"href":"https:\/\/grosiktaxi.pl\/grosiknowa\/index.php?rest_route=%2Fwp%2Fv2%2Fcomments&post=290"}],"version-history":[{"count":21,"href":"https:\/\/grosiktaxi.pl\/grosiknowa\/index.php?rest_route=\/wp\/v2\/pages\/290\/revisions"}],"predecessor-version":[{"id":417,"href":"https:\/\/grosiktaxi.pl\/grosiknowa\/index.php?rest_route=\/wp\/v2\/pages\/290\/revisions\/417"}],"wp:attachment":[{"href":"https:\/\/grosiktaxi.pl\/grosiknowa\/index.php?rest_route=%2Fwp%2Fv2%2Fmedia&parent=290"}],"curies":[{"name":"wp","href":"https:\/\/api.w.org\/{rel}","templated":true}]}}