{"id":122,"date":"2018-08-07T10:21:28","date_gmt":"2018-08-07T10:21:28","guid":{"rendered":"http:\/\/demo.athemes.com\/atu-startup\/?page_id=122"},"modified":"2024-12-13T17:22:58","modified_gmt":"2024-12-13T17:22:58","slug":"contact","status":"publish","type":"page","link":"https:\/\/grosiktaxi.pl\/grosiknowa\/?page_id=122","title":{"rendered":"Aplikacja"},"content":{"rendered":"\t\t<div data-elementor-type=\"wp-post\" data-elementor-id=\"122\" class=\"elementor elementor-122\">\n\t\t\t\t\t\t<section class=\"elementor-section elementor-top-section elementor-element elementor-element-5a38de79 elementor-section-boxed elementor-section-height-default elementor-section-height-default\" data-id=\"5a38de79\" data-element_type=\"section\" data-settings=\"{&quot;background_background&quot;:&quot;classic&quot;}\">\n\t\t\t\t\t\t<div class=\"elementor-container elementor-column-gap-default\">\n\t\t\t\t\t<div class=\"elementor-column elementor-col-100 elementor-top-column elementor-element elementor-element-2994e49b\" data-id=\"2994e49b\" data-element_type=\"column\">\n\t\t\t<div class=\"elementor-widget-wrap elementor-element-populated\">\n\t\t\t\t\t\t<div class=\"elementor-element elementor-element-7209538f elementor-widget elementor-widget-heading\" data-id=\"7209538f\" data-element_type=\"widget\" data-widget_type=\"heading.default\">\n\t\t\t\t<div class=\"elementor-widget-container\">\n\t\t\t\t\t<h2 class=\"elementor-heading-title elementor-size-default\">Aplikacja<\/h2>\t\t\t\t<\/div>\n\t\t\t\t<\/div>\n\t\t\t\t<div class=\"elementor-element elementor-element-60e9689 elementor-widget elementor-widget-text-editor\" data-id=\"60e9689\" data-element_type=\"widget\" data-widget_type=\"text-editor.default\">\n\t\t\t\t<div class=\"elementor-widget-container\">\n\t\t\t\t\t\t\t\t\t<p>Aplikacja Grosik Taxi dla urz\u0105dze\u0144 z systemem Android i iOS dost\u0119pna jest do \u015bci\u0105gni\u0119cia w sklepach Google Play i App Store.&nbsp;<\/p>\n<p>Kliknij w link, aby otworzy\u0107 stron\u0119 sklepu.<\/p>\n<p><\/p>\t\t\t\t\t\t\t\t<\/div>\n\t\t\t\t<\/div>\n\t\t\t\t<div class=\"elementor-element elementor-element-c568122 elementor-widget elementor-widget-image\" data-id=\"c568122\" data-element_type=\"widget\" data-widget_type=\"image.default\">\n\t\t\t\t<div class=\"elementor-widget-container\">\n\t\t\t\t\t\t\t\t\t\t\t\t\t\t\t\t<a href=\"https:\/\/apps.apple.com\/pl\/app\/grosik-taxi\/id1475664903\">\n\t\t\t\t\t\t\t<img decoding=\"async\" width=\"300\" height=\"88\" src=\"https:\/\/grosiktaxi.pl\/grosiknowa\/wp-content\/uploads\/2019\/09\/apple-1-300x88.png\" class=\"attachment-medium size-medium wp-image-266\" alt=\"\" srcset=\"https:\/\/grosiktaxi.pl\/grosiknowa\/wp-content\/uploads\/2019\/09\/apple-1-300x88.png 300w, https:\/\/grosiktaxi.pl\/grosiknowa\/wp-content\/uploads\/2019\/09\/apple-1-768x226.png 768w, https:\/\/grosiktaxi.pl\/grosiknowa\/wp-content\/uploads\/2019\/09\/apple-1-720x212.png 720w, https:\/\/grosiktaxi.pl\/grosiknowa\/wp-content\/uploads\/2019\/09\/apple-1.png 800w\" sizes=\"(max-width: 300px) 100vw, 300px\" \/>\t\t\t\t\t\t\t\t<\/a>\n\t\t\t\t\t\t\t\t\t\t\t\t\t\t\t<\/div>\n\t\t\t\t<\/div>\n\t\t\t\t<div class=\"elementor-element elementor-element-ffc4f32 elementor-widget elementor-widget-image\" data-id=\"ffc4f32\" data-element_type=\"widget\" data-widget_type=\"image.default\">\n\t\t\t\t<div class=\"elementor-widget-container\">\n\t\t\t\t\t\t\t\t\t\t\t\t\t\t\t\t<a href=\"https:\/\/play.google.com\/store\/apps\/details?id=pl.grosiktaxi.app\">\n\t\t\t\t\t\t\t<img decoding=\"async\" width=\"300\" height=\"88\" src=\"https:\/\/grosiktaxi.pl\/grosiknowa\/wp-content\/uploads\/2019\/09\/play-300x88.png\" class=\"attachment-medium size-medium wp-image-267\" alt=\"\" srcset=\"https:\/\/grosiktaxi.pl\/grosiknowa\/wp-content\/uploads\/2019\/09\/play-300x88.png 300w, https:\/\/grosiktaxi.pl\/grosiknowa\/wp-content\/uploads\/2019\/09\/play-768x226.png 768w, https:\/\/grosiktaxi.pl\/grosiknowa\/wp-content\/uploads\/2019\/09\/play-720x212.png 720w, https:\/\/grosiktaxi.pl\/grosiknowa\/wp-content\/uploads\/2019\/09\/play.png 800w\" sizes=\"(max-width: 300px) 100vw, 300px\" \/>\t\t\t\t\t\t\t\t<\/a>\n\t\t\t\t\t\t\t\t\t\t\t\t\t\t\t<\/div>\n\t\t\t\t<\/div>\n\t\t\t\t<div class=\"elementor-element elementor-element-03e33ac elementor-widget elementor-widget-text-editor\" data-id=\"03e33ac\" data-element_type=\"widget\" data-widget_type=\"text-editor.default\">\n\t\t\t\t<div class=\"elementor-widget-container\">\n\t\t\t\t\t\t\t\t\t<p>Jak usun\u0105\u0107 konto aplikacji?<\/p>\n<p>Wystarczy, \u017ce wejdziesz w zak\u0142adk\u0119 profil, naci\u015bniesz przycisk &#8220;Wyrejestruj profil&#8221; i potwierdzisz wyb\u00f3r. Twoje dane zostan\u0105 usuni\u0119te a aplikacja wr\u00f3ci do ekranu rejestracji.<\/p>\n<p>Aby dowiedzie\u0107 si\u0119 wi\u0119cej, napisz do nas: <a href=\"mailto:biuro@grosiktaxi.pl\">biuro@grosiktaxi.pl<\/a><\/p>\t\t\t\t\t\t\t\t<\/div>\n\t\t\t\t<\/div>\n\t\t\t\t\t<\/div>\n\t\t<\/div>\n\t\t\t\t\t<\/div>\n\t\t<\/section>\n\t\t\t\t<\/div>\n\t\t","protected":false},"excerpt":{"rendered":"<p>Aplikacja Aplikacja Grosik Taxi dla urz\u0105dze\u0144 z systemem Android i iOS dost\u0119pna jest do \u015bci\u0105gni\u0119cia w sklepach Google Play i [&hellip;]<\/p>\n","protected":false},"author":1,"featured_media":0,"parent":0,"menu_order":0,"comment_status":"closed","ping_status":"closed","template":"page-templates\/template_page-builder.php","meta":{"footnotes":""},"class_list":["post-122","page","type-page","status-publish","hentry"],"_links":{"self":[{"href":"https:\/\/grosiktaxi.pl\/grosiknowa\/index.php?rest_route=\/wp\/v2\/pages\/122","targetHints":{"allow":["GET"]}}],"collection":[{"href":"https:\/\/grosiktaxi.pl\/grosiknowa\/index.php?rest_route=\/wp\/v2\/pages"}],"about":[{"href":"https:\/\/grosiktaxi.pl\/grosiknowa\/index.php?rest_route=\/wp\/v2\/types\/page"}],"author":[{"embeddable":true,"href":"https:\/\/grosiktaxi.pl\/grosiknowa\/index.php?rest_route=\/wp\/v2\/users\/1"}],"replies":[{"embeddable":true,"href":"https:\/\/grosiktaxi.pl\/grosiknowa\/index.php?rest_route=%2Fwp%2Fv2%2Fcomments&post=122"}],"version-history":[{"count":5,"href":"https:\/\/grosiktaxi.pl\/grosiknowa\/index.php?rest_route=\/wp\/v2\/pages\/122\/revisions"}],"predecessor-version":[{"id":421,"href":"https:\/\/grosiktaxi.pl\/grosiknowa\/index.php?rest_route=\/wp\/v2\/pages\/122\/revisions\/421"}],"wp:attachment":[{"href":"https:\/\/grosiktaxi.pl\/grosiknowa\/index.php?rest_route=%2Fwp%2Fv2%2Fmedia&parent=122"}],"curies":[{"name":"wp","href":"https:\/\/api.w.org\/{rel}","templated":true}]}}